{"id":1010,"date":"2022-07-11T20:58:41","date_gmt":"2022-07-11T20:58:41","guid":{"rendered":"http:\/\/localhost\/misscam\/?page_id=1010"},"modified":"2022-07-17T00:39:07","modified_gmt":"2022-07-17T00:39:07","slug":"cosna-afrique","status":"publish","type":"page","link":"https:\/\/misscameroun.org\/index.php\/cosna-afrique\/","title":{"rendered":"Cosna Afrique"},"content":{"rendered":"\t\t<div data-elementor-type=\"wp-page\" data-elementor-id=\"1010\" class=\"elementor elementor-1010\">\n\t\t\t\t\t\t\t\t\t<section class=\"elementor-section elementor-top-section elementor-element elementor-element-46c5189b elementor-section-boxed elementor-section-height-default elementor-section-height-default\" data-id=\"46c5189b\" data-element_type=\"section\">\n\t\t\t\t\t\t<div class=\"elementor-container elementor-column-gap-default\">\n\t\t\t\t\t<div class=\"elementor-column elementor-col-100 elementor-top-column elementor-element elementor-element-4b729658\" data-id=\"4b729658\" data-element_type=\"column\">\n\t\t\t<div class=\"elementor-widget-wrap elementor-element-populated\">\n\t\t\t\t\t\t\t\t<div class=\"elementor-element elementor-element-e1da1fc elementor-widget elementor-widget-text-editor\" data-id=\"e1da1fc\" data-element_type=\"widget\" data-widget_type=\"text-editor.default\">\n\t\t\t\t<div class=\"elementor-widget-container\">\n\t\t\t<style>\/*! elementor - v3.6.7 - 03-07-2022 *\/\n.elementor-widget-text-editor.elementor-drop-cap-view-stacked .elementor-drop-cap{background-color:#818a91;color:#fff}.elementor-widget-text-editor.elementor-drop-cap-view-framed .elementor-drop-cap{color:#818a91;border:3px solid;background-color:transparent}.elementor-widget-text-editor:not(.elementor-drop-cap-view-default) .elementor-drop-cap{margin-top:8px}.elementor-widget-text-editor:not(.elementor-drop-cap-view-default) .elementor-drop-cap-letter{width:1em;height:1em}.elementor-widget-text-editor .elementor-drop-cap{float:left;text-align:center;line-height:1;font-size:50px}.elementor-widget-text-editor .elementor-drop-cap-letter{display:inline-block}<\/style>\t\t\t\t<h1 class=\"mt-4 text-4xl font-extrabold tracking-tight text-gray-900 sm:text-5xl md:text-6xl lg:mt-8 lg:text-5xl xl:text-6xl\"><span class=\"block xl:inline\">Partenaire Officiel<\/span><\/h1><p><a class=\"font-medium text-gray-900 hover:underline\" href=\"https:\/\/cosna-afrique.com\/\">COSNA Afrique<\/a> est une application de transfert d\u2019argent qui permets aux personnes r\u00e9sident n&#8217;importe o\u00f9 dans le monde d&#8217;envoyer de l&#8217;argent \u00e0 leurs amis, familles ou proches en Afrique (Cameroun, S\u00e9n\u00e9gal, C\u00f4te d&#8217;Ivoire). Les b\u00e9n\u00e9ficiaires re\u00e7oivent l&#8217;argent directement dans leurs portes feuilles mobile.<\/p><h6>En savoir plus sur le<strong><span style=\"color: #ffcc00;\"> <a style=\"color: #ffcc00; text-decoration: underline;\" href=\"https:\/\/cosna-afrique.com\/\">site web<\/a><\/span><\/strong><\/h6>\t\t\t\t\t\t<\/div>\n\t\t\t\t<\/div>\n\t\t\t\t\t<\/div>\n\t\t<\/div>\n\t\t\t\t\t\t\t<\/div>\n\t\t<\/section>\n\t\t\t\t\t\t\t<\/div>\n\t\t","protected":false},"excerpt":{"rendered":"<p>Partenaire Officiel COSNA Afrique est une application de transfert d\u2019argent qui permets aux personnes r\u00e9sident n&#8217;importe o\u00f9 dans le monde d&#8217;envoyer de l&#8217;argent \u00e0 leurs&hellip;<\/p>\n","protected":false},"author":1,"featured_media":792,"parent":0,"menu_order":0,"comment_status":"closed","ping_status":"closed","template":"","meta":{"footnotes":""},"class_list":["post-1010","page","type-page","status-publish","has-post-thumbnail","hentry"],"_links":{"self":[{"href":"https:\/\/misscameroun.org\/index.php\/wp-json\/wp\/v2\/pages\/1010","targetHints":{"allow":["GET"]}}],"collection":[{"href":"https:\/\/misscameroun.org\/index.php\/wp-json\/wp\/v2\/pages"}],"about":[{"href":"https:\/\/misscameroun.org\/index.php\/wp-json\/wp\/v2\/types\/page"}],"author":[{"embeddable":true,"href":"https:\/\/misscameroun.org\/index.php\/wp-json\/wp\/v2\/users\/1"}],"replies":[{"embeddable":true,"href":"https:\/\/misscameroun.org\/index.php\/wp-json\/wp\/v2\/comments?post=1010"}],"version-history":[{"count":15,"href":"https:\/\/misscameroun.org\/index.php\/wp-json\/wp\/v2\/pages\/1010\/revisions"}],"predecessor-version":[{"id":1095,"href":"https:\/\/misscameroun.org\/index.php\/wp-json\/wp\/v2\/pages\/1010\/revisions\/1095"}],"wp:featuredmedia":[{"embeddable":true,"href":"https:\/\/misscameroun.org\/index.php\/wp-json\/wp\/v2\/media\/792"}],"wp:attachment":[{"href":"https:\/\/misscameroun.org\/index.php\/wp-json\/wp\/v2\/media?parent=1010"}],"curies":[{"name":"wp","href":"https:\/\/api.w.org\/{rel}","templated":true}]}}