{"id":1027,"date":"2022-07-11T21:14:30","date_gmt":"2022-07-11T21:14:30","guid":{"rendered":"http:\/\/localhost\/misscam\/?page_id=1027"},"modified":"2022-07-11T21:14:30","modified_gmt":"2022-07-11T21:14:30","slug":"canal2-international","status":"publish","type":"page","link":"https:\/\/misscameroun.org\/index.php\/canal2-international\/","title":{"rendered":"Canal2 international"},"content":{"rendered":"<div class=\"mb-4\">\n<h3 class=\"mt-4 text-lg font-medium leading-none transition-colors md:text-xl md:leading-none group-hover:text-yellow-600 group-focus:text-yellow-600\"><span style=\"font-size: 16px;\">Canal2 International est une cha\u00eene de t\u00e9l\u00e9vision g\u00e9n\u00e9raliste priv\u00e9e camerounaise ax\u00e9e sur l&#8217;information en continu, le divertissement et le sport. Toute premi\u00e8re cha\u00eene priv\u00e9e au Cameroun, elle appartient au groupe TV+, lui aussi appartenant \u00e0 Emmanuel Chatue et est bas\u00e9e \u00e0 Douala au quartier Akwa.\u00a0<\/span><\/h3>\n<\/div>\n","protected":false},"excerpt":{"rendered":"<p>Canal2 International est une cha\u00eene de t\u00e9l\u00e9vision g\u00e9n\u00e9raliste priv\u00e9e camerounaise ax\u00e9e sur l&#8217;information en continu, le divertissement et le sport. Toute premi\u00e8re cha\u00eene priv\u00e9e au&hellip;<\/p>\n","protected":false},"author":1,"featured_media":1019,"parent":0,"menu_order":0,"comment_status":"closed","ping_status":"closed","template":"","meta":{"footnotes":""},"class_list":["post-1027","page","type-page","status-publish","has-post-thumbnail","hentry"],"_links":{"self":[{"href":"https:\/\/misscameroun.org\/index.php\/wp-json\/wp\/v2\/pages\/1027","targetHints":{"allow":["GET"]}}],"collection":[{"href":"https:\/\/misscameroun.org\/index.php\/wp-json\/wp\/v2\/pages"}],"about":[{"href":"https:\/\/misscameroun.org\/index.php\/wp-json\/wp\/v2\/types\/page"}],"author":[{"embeddable":true,"href":"https:\/\/misscameroun.org\/index.php\/wp-json\/wp\/v2\/users\/1"}],"replies":[{"embeddable":true,"href":"https:\/\/misscameroun.org\/index.php\/wp-json\/wp\/v2\/comments?post=1027"}],"version-history":[{"count":1,"href":"https:\/\/misscameroun.org\/index.php\/wp-json\/wp\/v2\/pages\/1027\/revisions"}],"predecessor-version":[{"id":1029,"href":"https:\/\/misscameroun.org\/index.php\/wp-json\/wp\/v2\/pages\/1027\/revisions\/1029"}],"wp:featuredmedia":[{"embeddable":true,"href":"https:\/\/misscameroun.org\/index.php\/wp-json\/wp\/v2\/media\/1019"}],"wp:attachment":[{"href":"https:\/\/misscameroun.org\/index.php\/wp-json\/wp\/v2\/media?parent=1027"}],"curies":[{"name":"wp","href":"https:\/\/api.w.org\/{rel}","templated":true}]}}