{"id":1865,"date":"2023-05-24T23:22:52","date_gmt":"2023-05-24T23:22:52","guid":{"rendered":"https:\/\/misscameroun.org\/?page_id=1865"},"modified":"2023-05-24T23:54:01","modified_gmt":"2023-05-24T23:54:01","slug":"a-propos-2","status":"publish","type":"page","link":"https:\/\/misscameroun.org\/index.php\/a-propos-2\/","title":{"rendered":"Sponsoring"},"content":{"rendered":"\t\t<div data-elementor-type=\"wp-page\" data-elementor-id=\"1865\" class=\"elementor elementor-1865\">\n\t\t\t\t\t\t\t\t\t<section class=\"elementor-section elementor-top-section elementor-element elementor-element-b68d985 elementor-section-boxed elementor-section-height-default elementor-section-height-default\" data-id=\"b68d985\" data-element_type=\"section\">\n\t\t\t\t\t\t<div class=\"elementor-container elementor-column-gap-default\">\n\t\t\t\t\t<div class=\"elementor-column elementor-col-100 elementor-top-column elementor-element elementor-element-6ad17a6b\" data-id=\"6ad17a6b\" data-element_type=\"column\">\n\t\t\t<div class=\"elementor-widget-wrap elementor-element-populated\">\n\t\t\t\t\t\t\t\t<div class=\"elementor-element elementor-element-3e7acb2b elementor-widget elementor-widget-text-editor\" data-id=\"3e7acb2b\" data-element_type=\"widget\" data-widget_type=\"text-editor.default\">\n\t\t\t\t<div class=\"elementor-widget-container\">\n\t\t\t<style>\/*! elementor - v3.6.7 - 03-07-2022 *\/\n.elementor-widget-text-editor.elementor-drop-cap-view-stacked .elementor-drop-cap{background-color:#818a91;color:#fff}.elementor-widget-text-editor.elementor-drop-cap-view-framed .elementor-drop-cap{color:#818a91;border:3px solid;background-color:transparent}.elementor-widget-text-editor:not(.elementor-drop-cap-view-default) .elementor-drop-cap{margin-top:8px}.elementor-widget-text-editor:not(.elementor-drop-cap-view-default) .elementor-drop-cap-letter{width:1em;height:1em}.elementor-widget-text-editor .elementor-drop-cap{float:left;text-align:center;line-height:1;font-size:50px}.elementor-widget-text-editor .elementor-drop-cap-letter{display:inline-block}<\/style>\t\t\t\t<p><strong>Miss Cameroun<\/strong> est comme son nom l&#8217;indique un \u00e9v\u00e8nement NATIONAL et PATRIOTIQUE par lequel nous c\u00e9l\u00e9brons une fois par an la jeune femme camerounaise pour son intelligence, sa beaut\u00e9 et ses valeurs.\u00a0<\/p>\t\t\t\t\t\t<\/div>\n\t\t\t\t<\/div>\n\t\t\t\t\t<\/div>\n\t\t<\/div>\n\t\t\t\t\t\t\t<\/div>\n\t\t<\/section>\n\t\t\t\t<section class=\"elementor-section elementor-top-section elementor-element elementor-element-7526314 elementor-section-boxed elementor-section-height-default elementor-section-height-default\" data-id=\"7526314\" data-element_type=\"section\">\n\t\t\t\t\t\t<div class=\"elementor-container elementor-column-gap-default\">\n\t\t\t\t\t<div class=\"elementor-column elementor-col-100 elementor-top-column elementor-element elementor-element-0b271db\" data-id=\"0b271db\" data-element_type=\"column\">\n\t\t\t<div class=\"elementor-widget-wrap elementor-element-populated\">\n\t\t\t\t\t\t\t\t<div class=\"elementor-element elementor-element-08ba7e0 elementor-widget elementor-widget-construction-light-calltoaction\" data-id=\"08ba7e0\" data-element_type=\"widget\" data-widget_type=\"construction-light-calltoaction.default\">\n\t\t\t\t<div class=\"elementor-widget-container\">\n\t\t\t        <div class=\"calltoaction_promo_wrapper\">\r\n                <div class=\"container\">\r\n                    <div class=\"calltoaction_full_widget_content\">\r\n\r\n                        <h2 class=\"wow zoomIn\">Devenir sponsor Offciel<\/h2>\r\n\r\n                        <div class=\"calltoaction_subtitle wow zoomIn\">\r\n                            <p>Postuler pour devenir sponsor officiel de la 20\u00e8me \u00e9dition de Miss Cameroun<\/p>\r\n                        <\/div>\r\n                    <\/div>\r\n\r\n                    <div class=\"calltoaction_button_wrap\">\r\n\r\n                    \t                    <\/div>\r\n                <\/div>\r\n            <\/div>\r\n        \t\t<\/div>\n\t\t\t\t<\/div>\n\t\t\t\t\t<\/div>\n\t\t<\/div>\n\t\t\t\t\t\t\t<\/div>\n\t\t<\/section>\n\t\t\t\t<section class=\"elementor-section elementor-top-section elementor-element elementor-element-23509ea elementor-section-boxed elementor-section-height-default elementor-section-height-default\" data-id=\"23509ea\" data-element_type=\"section\">\n\t\t\t\t\t\t<div class=\"elementor-container elementor-column-gap-default\">\n\t\t\t\t\t<div class=\"elementor-column elementor-col-100 elementor-top-column elementor-element elementor-element-b770346\" data-id=\"b770346\" data-element_type=\"column\">\n\t\t\t<div class=\"elementor-widget-wrap elementor-element-populated\">\n\t\t\t\t\t\t\t\t<div class=\"elementor-element elementor-element-a213706 elementor-widget elementor-widget-text-editor\" data-id=\"a213706\" data-element_type=\"widget\" data-widget_type=\"text-editor.default\">\n\t\t\t\t<div class=\"elementor-widget-container\">\n\t\t\t\t\t\t\t<h5><a href=\"https:\/\/wa.me\/237656372666\" target=\"_blank\" rel=\"noopener\">Postuler maintenant<\/a><\/h5>\t\t\t\t\t\t<\/div>\n\t\t\t\t<\/div>\n\t\t\t\t\t<\/div>\n\t\t<\/div>\n\t\t\t\t\t\t\t<\/div>\n\t\t<\/section>\n\t\t\t\t\t\t\t<\/div>\n\t\t","protected":false},"excerpt":{"rendered":"<p>Miss Cameroun est comme son nom l&#8217;indique un \u00e9v\u00e8nement NATIONAL et PATRIOTIQUE par lequel nous c\u00e9l\u00e9brons une fois par an la jeune femme camerounaise pour&hellip;<\/p>\n","protected":false},"author":1,"featured_media":1137,"parent":0,"menu_order":0,"comment_status":"closed","ping_status":"closed","template":"template-pagebuilder.php","meta":{"footnotes":""},"class_list":["post-1865","page","type-page","status-publish","has-post-thumbnail","hentry"],"_links":{"self":[{"href":"https:\/\/misscameroun.org\/index.php\/wp-json\/wp\/v2\/pages\/1865","targetHints":{"allow":["GET"]}}],"collection":[{"href":"https:\/\/misscameroun.org\/index.php\/wp-json\/wp\/v2\/pages"}],"about":[{"href":"https:\/\/misscameroun.org\/index.php\/wp-json\/wp\/v2\/types\/page"}],"author":[{"embeddable":true,"href":"https:\/\/misscameroun.org\/index.php\/wp-json\/wp\/v2\/users\/1"}],"replies":[{"embeddable":true,"href":"https:\/\/misscameroun.org\/index.php\/wp-json\/wp\/v2\/comments?post=1865"}],"version-history":[{"count":31,"href":"https:\/\/misscameroun.org\/index.php\/wp-json\/wp\/v2\/pages\/1865\/revisions"}],"predecessor-version":[{"id":1903,"href":"https:\/\/misscameroun.org\/index.php\/wp-json\/wp\/v2\/pages\/1865\/revisions\/1903"}],"wp:featuredmedia":[{"embeddable":true,"href":"https:\/\/misscameroun.org\/index.php\/wp-json\/wp\/v2\/media\/1137"}],"wp:attachment":[{"href":"https:\/\/misscameroun.org\/index.php\/wp-json\/wp\/v2\/media?parent=1865"}],"curies":[{"name":"wp","href":"https:\/\/api.w.org\/{rel}","templated":true}]}}