{"id":1962,"date":"2023-05-31T20:57:49","date_gmt":"2023-05-31T20:57:49","guid":{"rendered":"https:\/\/misscameroun.org\/?page_id=1962"},"modified":"2023-05-31T21:11:44","modified_gmt":"2023-05-31T21:11:44","slug":"princesse-issie-miss-cameroun-2023","status":"publish","type":"page","link":"https:\/\/misscameroun.org\/index.php\/princesse-issie-miss-cameroun-2023\/","title":{"rendered":"Princesse Issie Miss Cameroun 2023"},"content":{"rendered":"<pre class=\"tw-data-text tw-text-large tw-ta\" dir=\"ltr\" data-placeholder=\"Traduction\"><span class=\"Y2IQFc\" lang=\"fr\">Je suis Issie Princesse, Miss Cameroun 2023.\n\nJe suis actuellement l'\u00e9g\u00e9rie de deux marques de source du pays notamment Lana bio cosm\u00e9tique et Supermont.\n\n\n<strong>COURONNES DE CONCOURS DE BEAUT\u00c9 :\n<\/strong>\n<\/span><\/pre>\n<p><span class=\"Y2IQFc\" lang=\"fr\">Miss Cameroun 2023<\/span><\/p>\n<p>Miss Littoral 2023<\/p>\n<p>Miss Douala Fiesta<\/p>\n","protected":false},"excerpt":{"rendered":"<p>Je suis Issie Princesse, Miss Cameroun 2023. Je suis actuellement l&#8217;\u00e9g\u00e9rie de deux marques de source du pays notamment Lana bio cosm\u00e9tique et Supermont. COURONNES&hellip;<\/p>\n","protected":false},"author":1,"featured_media":1961,"parent":0,"menu_order":0,"comment_status":"closed","ping_status":"closed","template":"","meta":{"footnotes":""},"class_list":["post-1962","page","type-page","status-publish","has-post-thumbnail","hentry"],"_links":{"self":[{"href":"https:\/\/misscameroun.org\/index.php\/wp-json\/wp\/v2\/pages\/1962","targetHints":{"allow":["GET"]}}],"collection":[{"href":"https:\/\/misscameroun.org\/index.php\/wp-json\/wp\/v2\/pages"}],"about":[{"href":"https:\/\/misscameroun.org\/index.php\/wp-json\/wp\/v2\/types\/page"}],"author":[{"embeddable":true,"href":"https:\/\/misscameroun.org\/index.php\/wp-json\/wp\/v2\/users\/1"}],"replies":[{"embeddable":true,"href":"https:\/\/misscameroun.org\/index.php\/wp-json\/wp\/v2\/comments?post=1962"}],"version-history":[{"count":2,"href":"https:\/\/misscameroun.org\/index.php\/wp-json\/wp\/v2\/pages\/1962\/revisions"}],"predecessor-version":[{"id":1974,"href":"https:\/\/misscameroun.org\/index.php\/wp-json\/wp\/v2\/pages\/1962\/revisions\/1974"}],"wp:featuredmedia":[{"embeddable":true,"href":"https:\/\/misscameroun.org\/index.php\/wp-json\/wp\/v2\/media\/1961"}],"wp:attachment":[{"href":"https:\/\/misscameroun.org\/index.php\/wp-json\/wp\/v2\/media?parent=1962"}],"curies":[{"name":"wp","href":"https:\/\/api.w.org\/{rel}","templated":true}]}}