{"id":1986,"date":"2023-06-06T21:37:21","date_gmt":"2023-06-06T21:37:21","guid":{"rendered":"https:\/\/misscameroun.org\/?page_id=1986"},"modified":"2023-06-06T22:55:23","modified_gmt":"2023-06-06T22:55:23","slug":"hilton","status":"publish","type":"page","link":"https:\/\/misscameroun.org\/index.php\/hilton\/","title":{"rendered":"HILTON"},"content":{"rendered":"\n<p>Situ\u00e9 au c\u0153ur du quartier des affaires, le Hilton Yaound\u00e9 b\u00e9n\u00e9ficie d&#8217;un emplacement privil\u00e9gi\u00e9 \u00e0 quelques pas des b\u00e2timents gouvernementaux, entreprises locales et attractions touristiques. D\u00e9tendez-vous dans l&#8217;une des chambres \u00e9l\u00e9gantes du Hilton Yaound\u00e9, comprenant toutes un balcon avec vue sur la ville ou la piscine, l&#8217;acc\u00e8s Wi-Fi et un espace de travail s\u00e9par\u00e9. Dans ses 5 restaurants et bars, d\u00e9gustez des sp\u00e9cialit\u00e9s locales et internationales. Entra\u00eenez-vous au centre de remise en forme, nagez dans la piscine ext\u00e9rieure ou travaillez au centre d&#8217;affaires. Profitez de la vue sur la ville en sirotant un cocktail sur le toit du Bar Panoramique ou tentez votre chance au casino sur place.<\/p>\n\n\n\n<p>Site web : <a href=\"http:\/\/www.hiltonhotels.com\">www.hiltonhotels.com<\/a><\/p>\n\n\n\n<p><\/p>\n","protected":false},"excerpt":{"rendered":"<p>Situ\u00e9 au c\u0153ur du quartier des affaires, le Hilton Yaound\u00e9 b\u00e9n\u00e9ficie d&#8217;un emplacement privil\u00e9gi\u00e9 \u00e0 quelques pas des b\u00e2timents gouvernementaux, entreprises locales et attractions touristiques.&hellip;<\/p>\n","protected":false},"author":1,"featured_media":1985,"parent":0,"menu_order":0,"comment_status":"closed","ping_status":"closed","template":"","meta":{"footnotes":""},"class_list":["post-1986","page","type-page","status-publish","has-post-thumbnail","hentry"],"_links":{"self":[{"href":"https:\/\/misscameroun.org\/index.php\/wp-json\/wp\/v2\/pages\/1986","targetHints":{"allow":["GET"]}}],"collection":[{"href":"https:\/\/misscameroun.org\/index.php\/wp-json\/wp\/v2\/pages"}],"about":[{"href":"https:\/\/misscameroun.org\/index.php\/wp-json\/wp\/v2\/types\/page"}],"author":[{"embeddable":true,"href":"https:\/\/misscameroun.org\/index.php\/wp-json\/wp\/v2\/users\/1"}],"replies":[{"embeddable":true,"href":"https:\/\/misscameroun.org\/index.php\/wp-json\/wp\/v2\/comments?post=1986"}],"version-history":[{"count":3,"href":"https:\/\/misscameroun.org\/index.php\/wp-json\/wp\/v2\/pages\/1986\/revisions"}],"predecessor-version":[{"id":1994,"href":"https:\/\/misscameroun.org\/index.php\/wp-json\/wp\/v2\/pages\/1986\/revisions\/1994"}],"wp:featuredmedia":[{"embeddable":true,"href":"https:\/\/misscameroun.org\/index.php\/wp-json\/wp\/v2\/media\/1985"}],"wp:attachment":[{"href":"https:\/\/misscameroun.org\/index.php\/wp-json\/wp\/v2\/media?parent=1986"}],"curies":[{"name":"wp","href":"https:\/\/api.w.org\/{rel}","templated":true}]}}