{"id":1998,"date":"2023-06-07T08:43:01","date_gmt":"2023-06-07T08:43:01","guid":{"rendered":"https:\/\/misscameroun.org\/?page_id=1998"},"modified":"2023-06-07T08:51:09","modified_gmt":"2023-06-07T08:51:09","slug":"bange-bank","status":"publish","type":"page","link":"https:\/\/misscameroun.org\/index.php\/bange-bank\/","title":{"rendered":"BANGE BANK"},"content":{"rendered":"\n<p>A BANGE BANK, nous travaillons pour tisser des relations durables avec nos clients et apporter la valeur maximale possible tant \u00e0 nos groupes d\u2019int\u00e9r\u00eat comme \u00e0 la soci\u00e9t\u00e9 en g\u00e9n\u00e9ral. L\u2019atteinte de cet objectif implique un nouveau style de comportement pour l\u2019ensemble des personnes qui forment le Groupe. C\u2019est ici o\u00f9 r\u00e9side la force de&nbsp;<strong>Banque Nationale de Guin\u00e9e-\u00c9quatoriale<\/strong>&nbsp;et son plus grand avantage comp\u00e9titif pour construire le futur<\/p>\n\n\n\n<p>Site web : <a href=\"http:\/\/www.bangercmr.com\">www.bangercmr.com<\/a><\/p>\n\n\n\n<p>Facebook: <a href=\"https:\/\/www.facebook.com\/Bangercmr\">https:\/\/www.facebook.com\/Bangercmr<\/a><\/p>\n\n\n\n<p><\/p>\n","protected":false},"excerpt":{"rendered":"<p>A BANGE BANK, nous travaillons pour tisser des relations durables avec nos clients et apporter la valeur maximale possible tant \u00e0 nos groupes d\u2019int\u00e9r\u00eat comme&hellip;<\/p>\n","protected":false},"author":1,"featured_media":2001,"parent":0,"menu_order":0,"comment_status":"closed","ping_status":"closed","template":"","meta":{"footnotes":""},"class_list":["post-1998","page","type-page","status-publish","has-post-thumbnail","hentry"],"_links":{"self":[{"href":"https:\/\/misscameroun.org\/index.php\/wp-json\/wp\/v2\/pages\/1998","targetHints":{"allow":["GET"]}}],"collection":[{"href":"https:\/\/misscameroun.org\/index.php\/wp-json\/wp\/v2\/pages"}],"about":[{"href":"https:\/\/misscameroun.org\/index.php\/wp-json\/wp\/v2\/types\/page"}],"author":[{"embeddable":true,"href":"https:\/\/misscameroun.org\/index.php\/wp-json\/wp\/v2\/users\/1"}],"replies":[{"embeddable":true,"href":"https:\/\/misscameroun.org\/index.php\/wp-json\/wp\/v2\/comments?post=1998"}],"version-history":[{"count":2,"href":"https:\/\/misscameroun.org\/index.php\/wp-json\/wp\/v2\/pages\/1998\/revisions"}],"predecessor-version":[{"id":2002,"href":"https:\/\/misscameroun.org\/index.php\/wp-json\/wp\/v2\/pages\/1998\/revisions\/2002"}],"wp:featuredmedia":[{"embeddable":true,"href":"https:\/\/misscameroun.org\/index.php\/wp-json\/wp\/v2\/media\/2001"}],"wp:attachment":[{"href":"https:\/\/misscameroun.org\/index.php\/wp-json\/wp\/v2\/media?parent=1998"}],"curies":[{"name":"wp","href":"https:\/\/api.w.org\/{rel}","templated":true}]}}