{"id":2003,"date":"2023-06-07T08:51:23","date_gmt":"2023-06-07T08:51:23","guid":{"rendered":"https:\/\/misscameroun.org\/?page_id=2003"},"modified":"2023-06-07T09:00:12","modified_gmt":"2023-06-07T09:00:12","slug":"hotel-residence-des-graces","status":"publish","type":"page","link":"https:\/\/misscameroun.org\/index.php\/hotel-residence-des-graces\/","title":{"rendered":"H\u00d4TEL RESIDENCE DES GR\u00c2CES"},"content":{"rendered":"\n<p>L\u2019H\u00f4tel R\u00e9sidence les Gr\u00e2ces est un \u00e9tablissement h\u00f4telier 3 \u00e9toiles situ\u00e9 dans le centre-ville de Yaound\u00e9 pr\u00e9cis\u00e9ment au quartier Omnisport (derri\u00e8re le stade Mfandena).\u00a0 Situ\u00e9 \u00e0 quelques minutes de l\u2019a\u00e9roport international de Yaound\u00e9 Nsimalen, de Mvan, de la gare, et du centre administratif, son emplacement strat\u00e9gique est une localisation id\u00e9ale aussi bien pour les affaires que la d\u00e9tente. El\u00e9gant, confortable, s\u00e9curis\u00e9 et disposant d\u2019un service de navette, vous y trouverez un restaurant international, une salle de conf\u00e9rence \u00e9quip\u00e9e, une piscine, une salle de fitness et un espace ext\u00e9rieure pour l\u2019organisation de vos \u00e9v\u00e8nements (mariage,\u00a0 anniversaire. . .). En plus de nos chambres con\u00e7ues pour procurer une sensation d\u2019espace, de chaleur et surtout un confort aux personnes appr\u00e9ciant des standards \u00e9lev\u00e9s, l\u2019h\u00f4tel et toutes ses chambres b\u00e9n\u00e9ficient du calme et d\u2019une vue magnifique sur la capitale.<\/p>\n\n\n\n<p>Site web : <a href=\"https:\/\/www.residencelesgraces.cm\">https:\/\/www.residencelesgraces.cm<\/a><\/p>\n\n\n\n<p><\/p>\n","protected":false},"excerpt":{"rendered":"<p>L\u2019H\u00f4tel R\u00e9sidence les Gr\u00e2ces est un \u00e9tablissement h\u00f4telier 3 \u00e9toiles situ\u00e9 dans le centre-ville de Yaound\u00e9 pr\u00e9cis\u00e9ment au quartier Omnisport (derri\u00e8re le stade Mfandena).\u00a0 Situ\u00e9&hellip;<\/p>\n","protected":false},"author":1,"featured_media":2005,"parent":0,"menu_order":0,"comment_status":"closed","ping_status":"closed","template":"","meta":{"footnotes":""},"class_list":["post-2003","page","type-page","status-publish","has-post-thumbnail","hentry"],"_links":{"self":[{"href":"https:\/\/misscameroun.org\/index.php\/wp-json\/wp\/v2\/pages\/2003","targetHints":{"allow":["GET"]}}],"collection":[{"href":"https:\/\/misscameroun.org\/index.php\/wp-json\/wp\/v2\/pages"}],"about":[{"href":"https:\/\/misscameroun.org\/index.php\/wp-json\/wp\/v2\/types\/page"}],"author":[{"embeddable":true,"href":"https:\/\/misscameroun.org\/index.php\/wp-json\/wp\/v2\/users\/1"}],"replies":[{"embeddable":true,"href":"https:\/\/misscameroun.org\/index.php\/wp-json\/wp\/v2\/comments?post=2003"}],"version-history":[{"count":2,"href":"https:\/\/misscameroun.org\/index.php\/wp-json\/wp\/v2\/pages\/2003\/revisions"}],"predecessor-version":[{"id":2006,"href":"https:\/\/misscameroun.org\/index.php\/wp-json\/wp\/v2\/pages\/2003\/revisions\/2006"}],"wp:featuredmedia":[{"embeddable":true,"href":"https:\/\/misscameroun.org\/index.php\/wp-json\/wp\/v2\/media\/2005"}],"wp:attachment":[{"href":"https:\/\/misscameroun.org\/index.php\/wp-json\/wp\/v2\/media?parent=2003"}],"curies":[{"name":"wp","href":"https:\/\/api.w.org\/{rel}","templated":true}]}}