{"id":2011,"date":"2023-06-07T09:03:47","date_gmt":"2023-06-07T09:03:47","guid":{"rendered":"https:\/\/misscameroun.org\/?page_id=2011"},"modified":"2023-06-07T09:06:40","modified_gmt":"2023-06-07T09:06:40","slug":"blue","status":"publish","type":"page","link":"https:\/\/misscameroun.org\/index.php\/blue\/","title":{"rendered":"BLUE"},"content":{"rendered":"\n<p>Blue est une start-up t\u00e9l\u00e9com, propuls\u00e9e par CAMTEL. Notre vision est de lancer la marque la plus num\u00e9rique, intelligente et simple de l\u2019industrie des t\u00e9l\u00e9communications, pour vos besoins \u00e0 la maison, au bureau et en mobilit\u00e9.<\/p>\n\n\n\n<p>Site web : <a href=\"https:\/\/blue.camtel.cm\">https:\/\/blue.camtel.cm<\/a><\/p>\n\n\n\n<p><\/p>\n","protected":false},"excerpt":{"rendered":"<p>Blue est une start-up t\u00e9l\u00e9com, propuls\u00e9e par CAMTEL. Notre vision est de lancer la marque la plus num\u00e9rique, intelligente et simple de l\u2019industrie des t\u00e9l\u00e9communications,&hellip;<\/p>\n","protected":false},"author":1,"featured_media":2013,"parent":0,"menu_order":0,"comment_status":"closed","ping_status":"closed","template":"","meta":{"footnotes":""},"class_list":["post-2011","page","type-page","status-publish","has-post-thumbnail","hentry"],"_links":{"self":[{"href":"https:\/\/misscameroun.org\/index.php\/wp-json\/wp\/v2\/pages\/2011","targetHints":{"allow":["GET"]}}],"collection":[{"href":"https:\/\/misscameroun.org\/index.php\/wp-json\/wp\/v2\/pages"}],"about":[{"href":"https:\/\/misscameroun.org\/index.php\/wp-json\/wp\/v2\/types\/page"}],"author":[{"embeddable":true,"href":"https:\/\/misscameroun.org\/index.php\/wp-json\/wp\/v2\/users\/1"}],"replies":[{"embeddable":true,"href":"https:\/\/misscameroun.org\/index.php\/wp-json\/wp\/v2\/comments?post=2011"}],"version-history":[{"count":2,"href":"https:\/\/misscameroun.org\/index.php\/wp-json\/wp\/v2\/pages\/2011\/revisions"}],"predecessor-version":[{"id":2014,"href":"https:\/\/misscameroun.org\/index.php\/wp-json\/wp\/v2\/pages\/2011\/revisions\/2014"}],"wp:featuredmedia":[{"embeddable":true,"href":"https:\/\/misscameroun.org\/index.php\/wp-json\/wp\/v2\/media\/2013"}],"wp:attachment":[{"href":"https:\/\/misscameroun.org\/index.php\/wp-json\/wp\/v2\/media?parent=2011"}],"curies":[{"name":"wp","href":"https:\/\/api.w.org\/{rel}","templated":true}]}}