{"id":2015,"date":"2023-06-07T09:06:48","date_gmt":"2023-06-07T09:06:48","guid":{"rendered":"https:\/\/misscameroun.org\/?page_id=2015"},"modified":"2023-06-07T09:09:21","modified_gmt":"2023-06-07T09:09:21","slug":"port-autonome-de-douala","status":"publish","type":"page","link":"https:\/\/misscameroun.org\/index.php\/port-autonome-de-douala\/","title":{"rendered":"PORT AUTONOME DE DOUALA"},"content":{"rendered":"\n<p>Le PAD en tant que structure administratrice du combinat portuaire de Douala est en charge de plusieurs missions dont :<\/p>\n\n\n\n<ul class=\"wp-block-list\"><li>La coordination g\u00e9n\u00e9rale des activit\u00e9s portuaires ;&nbsp;<\/li><li>L\u2019Assistance&nbsp; et l\u2019accueil des navires&nbsp;;&nbsp;<\/li><li>La cr\u00e9ation et de l\u2019Am\u00e9nagement des zones industrielles portuaires&nbsp;;<\/li><li>La promotion de la place portuaire&nbsp;;&nbsp;<\/li><li>La s\u00e9curit\u00e9 et de la police des op\u00e9rations d\u2019exploitation portuaire&nbsp;;<\/li><li>La gestion, la maintenance et du renouvellement des \u00e9quipements portuaires&nbsp;;<\/li><li>La ma\u00eetrise d\u2019ouvrage des travaux confi\u00e9s aux entreprises sp\u00e9cialis\u00e9es, y compris le dragage&nbsp;;<\/li><li>Des travaux d\u2019\u00e9quipement, et d\u2019extension d\u2019entretien dudit port ainsi que de la cr\u00e9ation et de l\u2019am\u00e9nagement des zones industrielles portuaires&nbsp;;<\/li><li>De la promotion de la place portuaire.<\/li><\/ul>\n\n\n\n<p>Site web : <a href=\"http:\/\/www.pad.cm\">www.pad.cm<\/a><\/p>\n\n\n\n<p><\/p>\n","protected":false},"excerpt":{"rendered":"<p>Le PAD en tant que structure administratrice du combinat portuaire de Douala est en charge de plusieurs missions dont : La coordination g\u00e9n\u00e9rale des activit\u00e9s&hellip;<\/p>\n","protected":false},"author":1,"featured_media":2018,"parent":0,"menu_order":0,"comment_status":"closed","ping_status":"closed","template":"","meta":{"footnotes":""},"class_list":["post-2015","page","type-page","status-publish","has-post-thumbnail","hentry"],"_links":{"self":[{"href":"https:\/\/misscameroun.org\/index.php\/wp-json\/wp\/v2\/pages\/2015","targetHints":{"allow":["GET"]}}],"collection":[{"href":"https:\/\/misscameroun.org\/index.php\/wp-json\/wp\/v2\/pages"}],"about":[{"href":"https:\/\/misscameroun.org\/index.php\/wp-json\/wp\/v2\/types\/page"}],"author":[{"embeddable":true,"href":"https:\/\/misscameroun.org\/index.php\/wp-json\/wp\/v2\/users\/1"}],"replies":[{"embeddable":true,"href":"https:\/\/misscameroun.org\/index.php\/wp-json\/wp\/v2\/comments?post=2015"}],"version-history":[{"count":2,"href":"https:\/\/misscameroun.org\/index.php\/wp-json\/wp\/v2\/pages\/2015\/revisions"}],"predecessor-version":[{"id":2019,"href":"https:\/\/misscameroun.org\/index.php\/wp-json\/wp\/v2\/pages\/2015\/revisions\/2019"}],"wp:featuredmedia":[{"embeddable":true,"href":"https:\/\/misscameroun.org\/index.php\/wp-json\/wp\/v2\/media\/2018"}],"wp:attachment":[{"href":"https:\/\/misscameroun.org\/index.php\/wp-json\/wp\/v2\/media?parent=2015"}],"curies":[{"name":"wp","href":"https:\/\/api.w.org\/{rel}","templated":true}]}}