{"id":945,"date":"2022-07-11T18:58:28","date_gmt":"2022-07-11T18:58:28","guid":{"rendered":"http:\/\/localhost\/misscam\/?page_id=945"},"modified":"2022-07-11T19:09:30","modified_gmt":"2022-07-11T19:09:30","slug":"audrey-monkam-miss-cameroun-2020-2021-2","status":"publish","type":"page","link":"https:\/\/misscameroun.org\/index.php\/audrey-monkam-miss-cameroun-2020-2021-2\/","title":{"rendered":"Audrey Monkam Miss Cameroun 2020\/2021"},"content":{"rendered":"<pre class=\"tw-data-text tw-text-large tw-ta\" dir=\"ltr\" data-placeholder=\"Traduction\"><span class=\"Y2IQFc\" lang=\"fr\">Je m'appelle Audrey Nabila Monkam, une reine de mannequin et de beaut\u00e9 mesurant 1,80 m et j'aurais 27 ans le 1er avril.\nJ'aime chanter, danser, regarder des films, partir \u00e0 l'aventure, aider les gens, plaisanter \ud83d\ude00.\n\nEn grandissant, j'ai toujours eu une passion pour le mannequinat.\n\nLes d\u00e9buts n'ont pas \u00e9t\u00e9 faciles mais je peux m'estimer privil\u00e9gi\u00e9e d'avoir pu participer \u00e0 des d\u00e9fil\u00e9s de mode nationaux et internationaux.\n\n <strong>D\u00c9FIL\u00c9S DE MODE\n<\/strong>\nSemaine de la mode africaine Nig\u00e9ria 2018\nL'exposition des mannequins africains Nigeria 2018 FIAFA 2018\nSalon annuel 2017\nAccra fashion week Chilly and rainy 2019\nChoisissez de d\u00e9fier le d\u00e9fil\u00e9 de mode 2020 par kibonen\n\u00c9v\u00e9nement Splash par Kibonen\n \nJ'\u00e9tais la mascotte de la fiafa (Fredash International Annual Fashion Avenue) 2019\u00a0; connu pour \u00eatre le plus grand d\u00e9fil\u00e9 de mode au Cameroun.\n\n<strong>COURONNES DE CONCOURS DE BEAUT\u00c9\n<\/strong>\n<\/span><\/pre>\n<p>Miss Arts and Culture 1st runner-up 2016-2018<\/p>\n<p>Miss Beach Cameroon 2017-2020<\/p>\n<p>Miss earth Cameroon 2018<\/p>\n<p>Miss Cameroon 2020\/2021<\/p>\n<p>Miss world Cameroon 2020\/2021 ( 2nd place Miss world top model, head to head challenge winner, amongst the top 40 miss world semifinalists )<\/p>\n","protected":false},"excerpt":{"rendered":"<p>Je m&#8217;appelle Audrey Nabila Monkam, une reine de mannequin et de beaut\u00e9 mesurant 1,80 m et j&#8217;aurais 27 ans le 1er avril. J&#8217;aime chanter, danser,&hellip;<\/p>\n","protected":false},"author":1,"featured_media":791,"parent":0,"menu_order":0,"comment_status":"closed","ping_status":"closed","template":"","meta":{"footnotes":""},"class_list":["post-945","page","type-page","status-publish","has-post-thumbnail","hentry"],"_links":{"self":[{"href":"https:\/\/misscameroun.org\/index.php\/wp-json\/wp\/v2\/pages\/945","targetHints":{"allow":["GET"]}}],"collection":[{"href":"https:\/\/misscameroun.org\/index.php\/wp-json\/wp\/v2\/pages"}],"about":[{"href":"https:\/\/misscameroun.org\/index.php\/wp-json\/wp\/v2\/types\/page"}],"author":[{"embeddable":true,"href":"https:\/\/misscameroun.org\/index.php\/wp-json\/wp\/v2\/users\/1"}],"replies":[{"embeddable":true,"href":"https:\/\/misscameroun.org\/index.php\/wp-json\/wp\/v2\/comments?post=945"}],"version-history":[{"count":2,"href":"https:\/\/misscameroun.org\/index.php\/wp-json\/wp\/v2\/pages\/945\/revisions"}],"predecessor-version":[{"id":950,"href":"https:\/\/misscameroun.org\/index.php\/wp-json\/wp\/v2\/pages\/945\/revisions\/950"}],"wp:featuredmedia":[{"embeddable":true,"href":"https:\/\/misscameroun.org\/index.php\/wp-json\/wp\/v2\/media\/791"}],"wp:attachment":[{"href":"https:\/\/misscameroun.org\/index.php\/wp-json\/wp\/v2\/media?parent=945"}],"curies":[{"name":"wp","href":"https:\/\/api.w.org\/{rel}","templated":true}]}}