{"id":969,"date":"2022-07-11T19:32:15","date_gmt":"2022-07-11T19:32:15","guid":{"rendered":"http:\/\/localhost\/misscam\/?page_id=969"},"modified":"2022-07-11T19:40:44","modified_gmt":"2022-07-11T19:40:44","slug":"julia-samantha-edima-miss-cameroun-2022","status":"publish","type":"page","link":"https:\/\/misscameroun.org\/index.php\/julia-samantha-edima-miss-cameroun-2022\/","title":{"rendered":"Julia Samantha Edima Miss Cameroun 2022"},"content":{"rendered":"<p>Julia Samantha nait le 1er f\u00e9vrier 1995 \u00e0 Meyo-Centre, une localit\u00e9 de la\u00a0R\u00e9gion du Sud du Cameroun.<sup id=\"cite_ref-:0_1-0\" class=\"reference\"><\/sup><\/p>\n<p>Elle fait ses\u00a0\u00e9tudes primaires\u00a0jusqu\u2019au Cours Moyen 1\u00e8re ann\u00e9e \u00e0\u00a0Offenbach\u00a0en\u00a0Allemagne. Elle poursuit ses \u00e9tudes secondaires jusqu\u2019\u00e0 l\u2019obtention du baccalaur\u00e9at en 2015 au Cameroun. Julia Samantha Edima fait ses \u00e9tudes universitaires \u00e0 l\u2019Universit\u00e9 de Douala\u00a0et y obtient une licence option communication des organisations<sup id=\"cite_ref-:0_1-1\" class=\"reference\"><\/sup> et est \u00e9galement titulaire d&#8217;un master en communication d\u2019entreprise.<sup id=\"cite_ref-:1_2-0\" class=\"reference\"><\/sup><\/p>\n<p>Elle commence cette aventure par le concours miss du lyc\u00e9e en participant au concours Miss Orangina<sup id=\"cite_ref-:1_2-1\" class=\"reference\"><\/sup><sup id=\"cite_ref-:2_3-0\" class=\"reference\"><\/sup><\/p>\n<p>Elle est \u00e9lue Miss Sud 2022 et participe \u00e9galement \u00e0 la finale nationale, porte le\u00a0<abbr class=\"abbr\" title=\"num\u00e9ro\">n<sup>o<\/sup><\/abbr>\u00a07 et est \u00e9lue\u00a0Miss Cameroun\u00a02022 le\u00a0<time class=\"nowrap\" datetime=\"2022-01-07\" data-sort-value=\"2022-01-07\">7 janvier 2022<\/time>\u00a0au\u00a0Palais des sports de Yaound\u00e9.<\/p>\n<p>Julia Samantha Edima a des r\u00f4les dans des s\u00e9ries TV et films<sup id=\"cite_ref-:3_4-2\" class=\"reference\"><\/sup>. Au niveau des s\u00e9ries TV, en 2020, elle joue le r\u00f4le de Kim dans\u00a0<i>Madame Monsieur<\/i>\u00a0de\u00a0Ebenezer Kepombia<sup id=\"cite_ref-:1_2-2\" class=\"reference\"><\/sup>. Au niveau des films, elle joue dans Fantasma et Trauma,\u00a0long m\u00e9trage\u00a0produit par Black Films, qui remporte le prix du\u00a0<i>meilleur long m\u00e9trage camerounais<\/i> en 2019 au Festival des \u00c9crans Noirs.<sup id=\"cite_ref-7\" class=\"reference\"><\/sup><\/p>\n","protected":false},"excerpt":{"rendered":"<p>Julia Samantha nait le 1er f\u00e9vrier 1995 \u00e0 Meyo-Centre, une localit\u00e9 de la\u00a0R\u00e9gion du Sud du Cameroun. Elle fait ses\u00a0\u00e9tudes primaires\u00a0jusqu\u2019au Cours Moyen 1\u00e8re ann\u00e9e&hellip;<\/p>\n","protected":false},"author":1,"featured_media":965,"parent":0,"menu_order":0,"comment_status":"open","ping_status":"closed","template":"","meta":{"footnotes":""},"class_list":["post-969","page","type-page","status-publish","has-post-thumbnail","hentry"],"_links":{"self":[{"href":"https:\/\/misscameroun.org\/index.php\/wp-json\/wp\/v2\/pages\/969","targetHints":{"allow":["GET"]}}],"collection":[{"href":"https:\/\/misscameroun.org\/index.php\/wp-json\/wp\/v2\/pages"}],"about":[{"href":"https:\/\/misscameroun.org\/index.php\/wp-json\/wp\/v2\/types\/page"}],"author":[{"embeddable":true,"href":"https:\/\/misscameroun.org\/index.php\/wp-json\/wp\/v2\/users\/1"}],"replies":[{"embeddable":true,"href":"https:\/\/misscameroun.org\/index.php\/wp-json\/wp\/v2\/comments?post=969"}],"version-history":[{"count":2,"href":"https:\/\/misscameroun.org\/index.php\/wp-json\/wp\/v2\/pages\/969\/revisions"}],"predecessor-version":[{"id":985,"href":"https:\/\/misscameroun.org\/index.php\/wp-json\/wp\/v2\/pages\/969\/revisions\/985"}],"wp:featuredmedia":[{"embeddable":true,"href":"https:\/\/misscameroun.org\/index.php\/wp-json\/wp\/v2\/media\/965"}],"wp:attachment":[{"href":"https:\/\/misscameroun.org\/index.php\/wp-json\/wp\/v2\/media?parent=969"}],"curies":[{"name":"wp","href":"https:\/\/api.w.org\/{rel}","templated":true}]}}